{"id":2541,"date":"2025-06-03T08:15:50","date_gmt":"2025-06-03T08:15:50","guid":{"rendered":"https:\/\/www.lamiempaques.com\/product\/domos-rectangulares\/"},"modified":"2026-03-04T14:34:13","modified_gmt":"2026-03-04T14:34:13","slug":"domos-rectangulares","status":"publish","type":"product","link":"https:\/\/www.lamiempaques.com\/en\/product\/domos-rectangulares\/","title":{"rendered":"Rectangular Domes"},"content":{"rendered":"<p>Functional packaging in <span style=\"background: linear-gradient(90deg, #32B01E 0%, #2864C4 44.34%) !important; -webkit-background-clip: text !important; background-clip: text !important; color: transparent !important; display: inline !important;\">Recycled PET 100% (RPET)<\/span>with semi-hermetic sealing that allows to create different forms of use with only <strong>reverse your position<\/strong>The food packaging is a very important element in the food industry, improving the presentation of food, protecting it and preserving its freshness for a longer period of time.<\/p>\n<p>Its high transparency and resistance combine functionality and safety in a single package, offering a sustainable and environmentally friendly solution.<\/p>\n<p>Available in different sizes and heights, ensuring perfect adaptability to different capacities.<\/p>","protected":false},"excerpt":{"rendered":"<p>Different ways of use by simply inverting its position,<\/p>","protected":false},"featured_media":5533,"template":"","meta":{"_monsterinsights_skip_tracking":false,"_monsterinsights_sitenote_active":false,"_monsterinsights_sitenote_note":"","_monsterinsights_sitenote_category":0,"_uf_show_specific_survey":0,"_uf_disable_surveys":false},"product_brand":[],"product_cat":[54],"product_tag":[95],"forma-del-producto":[205],"familia":[201],"color":[189],"funcionalidad-del-producto":[78,76],"usos-del-empaque":[66],"sector":[59,58],"class_list":{"0":"post-2541","1":"product","2":"type-product","3":"status-publish","4":"has-post-thumbnail","6":"product_cat-alimentos","7":"product_tag-destacado","8":"pa_altura-cm-h10","9":"pa_altura-cm-h12","10":"pa_altura-cm-h8","11":"forma-del-producto-rectangular","12":"familia-domos-rectangulares","13":"color-transparente","14":"funcionalidad-del-producto-base-y-tapa","15":"funcionalidad-del-producto-doble-uso","16":"usos-del-empaque-tortas-galletas-postres-y-snacks","17":"sector-chocolates-y-confiteria","18":"sector-reposteria-panaderia-y-galleteria","20":"first","21":"instock","22":"purchasable","23":"product-type-variable","24":"has-default-attributes","25":"wvs-archive-product-wrapper"},"yoast_head":"<!-- This site is optimized with the Yoast SEO plugin v27.2 - https:\/\/yoast.com\/product\/yoast-seo-wordpress\/ -->\n<title>Empaques Rectangulares, Domo Semi-Herm\u00e9tico | Lamiempaques<\/title>\n<meta name=\"description\" content=\"Fabricantes y proveedores de empaques rectangulares tipo domo en PET para galleter\u00eda, panader\u00eda, reposter\u00eda y m\u00e1s, con certificado Invima\" \/>\n<meta name=\"robots\" content=\"index, follow, max-snippet:-1, max-image-preview:large, max-video-preview:-1\" \/>\n<link rel=\"canonical\" href=\"https:\/\/www.lamiempaques.com\/en\/product\/domos-rectangulares\/\" \/>\n<meta property=\"og:locale\" content=\"en_US\" \/>\n<meta property=\"og:type\" content=\"article\" \/>\n<meta property=\"og:title\" content=\"Empaques Rectangulares, Domo Semi-Herm\u00e9tico | Lamiempaques\" \/>\n<meta property=\"og:description\" content=\"Fabricantes y proveedores de empaques rectangulares tipo domo en PET para galleter\u00eda, panader\u00eda, reposter\u00eda y m\u00e1s, con certificado Invima\" \/>\n<meta property=\"og:url\" content=\"https:\/\/www.lamiempaques.com\/en\/product\/domos-rectangulares\/\" \/>\n<meta property=\"og:site_name\" content=\"Lamiempaques\" \/>\n<meta property=\"article:modified_time\" content=\"2026-03-04T14:34:13+00:00\" \/>\n<meta property=\"og:image\" content=\"https:\/\/www.lamiempaques.com\/wp-content\/uploads\/2025\/06\/portada-domo-rectangular.webp\" \/>\n\t<meta property=\"og:image:width\" content=\"800\" \/>\n\t<meta property=\"og:image:height\" content=\"533\" \/>\n\t<meta property=\"og:image:type\" content=\"image\/webp\" \/>\n<meta name=\"twitter:card\" content=\"summary_large_image\" \/>\n<meta name=\"twitter:label1\" content=\"Est. reading time\" \/>\n\t<meta name=\"twitter:data1\" content=\"1 minute\" \/>\n<script type=\"application\/ld+json\" class=\"yoast-schema-graph\">{\"@context\":\"https:\/\/schema.org\",\"@graph\":[{\"@type\":\"WebPage\",\"@id\":\"https:\/\/www.lamiempaques.com\/producto\/domos-rectangulares\/\",\"url\":\"https:\/\/www.lamiempaques.com\/producto\/domos-rectangulares\/\",\"name\":\"Empaques Rectangulares, Domo Semi-Herm\u00e9tico | Lamiempaques\",\"isPartOf\":{\"@id\":\"https:\/\/www.lamiempaques.com\/#website\"},\"primaryImageOfPage\":{\"@id\":\"https:\/\/www.lamiempaques.com\/producto\/domos-rectangulares\/#primaryimage\"},\"image\":{\"@id\":\"https:\/\/www.lamiempaques.com\/producto\/domos-rectangulares\/#primaryimage\"},\"thumbnailUrl\":\"https:\/\/www.lamiempaques.com\/wp-content\/uploads\/2025\/06\/portada-domo-rectangular.webp\",\"datePublished\":\"2025-06-03T08:15:50+00:00\",\"dateModified\":\"2026-03-04T14:34:13+00:00\",\"description\":\"Fabricantes y proveedores de empaques rectangulares tipo domo en PET para galleter\u00eda, panader\u00eda, reposter\u00eda y m\u00e1s, con certificado Invima\",\"breadcrumb\":{\"@id\":\"https:\/\/www.lamiempaques.com\/producto\/domos-rectangulares\/#breadcrumb\"},\"inLanguage\":\"en-US\",\"potentialAction\":[{\"@type\":\"ReadAction\",\"target\":[\"https:\/\/www.lamiempaques.com\/producto\/domos-rectangulares\/\"]}]},{\"@type\":\"ImageObject\",\"inLanguage\":\"en-US\",\"@id\":\"https:\/\/www.lamiempaques.com\/producto\/domos-rectangulares\/#primaryimage\",\"url\":\"https:\/\/www.lamiempaques.com\/wp-content\/uploads\/2025\/06\/portada-domo-rectangular.webp\",\"contentUrl\":\"https:\/\/www.lamiempaques.com\/wp-content\/uploads\/2025\/06\/portada-domo-rectangular.webp\",\"width\":800,\"height\":533},{\"@type\":\"BreadcrumbList\",\"@id\":\"https:\/\/www.lamiempaques.com\/producto\/domos-rectangulares\/#breadcrumb\",\"itemListElement\":[{\"@type\":\"ListItem\",\"position\":1,\"name\":\"Inicio\",\"item\":\"https:\/\/www.lamiempaques.com\/\"},{\"@type\":\"ListItem\",\"position\":2,\"name\":\"Products\",\"item\":\"https:\/\/www.lamiempaques.com\/shop\/\"},{\"@type\":\"ListItem\",\"position\":3,\"name\":\"Domos Rectangulares\"}]},{\"@type\":\"WebSite\",\"@id\":\"https:\/\/www.lamiempaques.com\/#website\",\"url\":\"https:\/\/www.lamiempaques.com\/\",\"name\":\"Lamiempaques\",\"description\":\"\",\"publisher\":{\"@id\":\"https:\/\/www.lamiempaques.com\/#organization\"},\"potentialAction\":[{\"@type\":\"SearchAction\",\"target\":{\"@type\":\"EntryPoint\",\"urlTemplate\":\"https:\/\/www.lamiempaques.com\/?s={search_term_string}\"},\"query-input\":{\"@type\":\"PropertyValueSpecification\",\"valueRequired\":true,\"valueName\":\"search_term_string\"}}],\"inLanguage\":\"en-US\"},{\"@type\":\"Organization\",\"@id\":\"https:\/\/www.lamiempaques.com\/#organization\",\"name\":\"Lamiempaques\",\"url\":\"https:\/\/www.lamiempaques.com\/\",\"logo\":{\"@type\":\"ImageObject\",\"inLanguage\":\"en-US\",\"@id\":\"https:\/\/www.lamiempaques.com\/#\/schema\/logo\/image\/\",\"url\":\"https:\/\/www.lamiempaques.com\/wp-content\/uploads\/2025\/04\/lamiempaques.svg\",\"contentUrl\":\"https:\/\/www.lamiempaques.com\/wp-content\/uploads\/2025\/04\/lamiempaques.svg\",\"width\":328,\"height\":62,\"caption\":\"Lamiempaques\"},\"image\":{\"@id\":\"https:\/\/www.lamiempaques.com\/#\/schema\/logo\/image\/\"}}]}<\/script>\n<!-- \/ Yoast SEO plugin. -->","yoast_head_json":{"title":"Empaques Rectangulares, Domo Semi-Herm\u00e9tico | Lamiempaques","description":"Fabricantes y proveedores de empaques rectangulares tipo domo en PET para galleter\u00eda, panader\u00eda, reposter\u00eda y m\u00e1s, con certificado Invima","robots":{"index":"index","follow":"follow","max-snippet":"max-snippet:-1","max-image-preview":"max-image-preview:large","max-video-preview":"max-video-preview:-1"},"canonical":"https:\/\/www.lamiempaques.com\/en\/product\/domos-rectangulares\/","og_locale":"en_US","og_type":"article","og_title":"Empaques Rectangulares, Domo Semi-Herm\u00e9tico | Lamiempaques","og_description":"Fabricantes y proveedores de empaques rectangulares tipo domo en PET para galleter\u00eda, panader\u00eda, reposter\u00eda y m\u00e1s, con certificado Invima","og_url":"https:\/\/www.lamiempaques.com\/en\/product\/domos-rectangulares\/","og_site_name":"Lamiempaques","article_modified_time":"2026-03-04T14:34:13+00:00","og_image":[{"width":800,"height":533,"url":"https:\/\/www.lamiempaques.com\/wp-content\/uploads\/2025\/06\/portada-domo-rectangular.webp","type":"image\/webp"}],"twitter_card":"summary_large_image","twitter_misc":{"Est. reading time":"1 minute"},"schema":{"@context":"https:\/\/schema.org","@graph":[{"@type":"WebPage","@id":"https:\/\/www.lamiempaques.com\/producto\/domos-rectangulares\/","url":"https:\/\/www.lamiempaques.com\/producto\/domos-rectangulares\/","name":"Empaques Rectangulares, Domo Semi-Herm\u00e9tico | Lamiempaques","isPartOf":{"@id":"https:\/\/www.lamiempaques.com\/#website"},"primaryImageOfPage":{"@id":"https:\/\/www.lamiempaques.com\/producto\/domos-rectangulares\/#primaryimage"},"image":{"@id":"https:\/\/www.lamiempaques.com\/producto\/domos-rectangulares\/#primaryimage"},"thumbnailUrl":"https:\/\/www.lamiempaques.com\/wp-content\/uploads\/2025\/06\/portada-domo-rectangular.webp","datePublished":"2025-06-03T08:15:50+00:00","dateModified":"2026-03-04T14:34:13+00:00","description":"Fabricantes y proveedores de empaques rectangulares tipo domo en PET para galleter\u00eda, panader\u00eda, reposter\u00eda y m\u00e1s, con certificado Invima","breadcrumb":{"@id":"https:\/\/www.lamiempaques.com\/producto\/domos-rectangulares\/#breadcrumb"},"inLanguage":"en-US","potentialAction":[{"@type":"ReadAction","target":["https:\/\/www.lamiempaques.com\/producto\/domos-rectangulares\/"]}]},{"@type":"ImageObject","inLanguage":"en-US","@id":"https:\/\/www.lamiempaques.com\/producto\/domos-rectangulares\/#primaryimage","url":"https:\/\/www.lamiempaques.com\/wp-content\/uploads\/2025\/06\/portada-domo-rectangular.webp","contentUrl":"https:\/\/www.lamiempaques.com\/wp-content\/uploads\/2025\/06\/portada-domo-rectangular.webp","width":800,"height":533},{"@type":"BreadcrumbList","@id":"https:\/\/www.lamiempaques.com\/producto\/domos-rectangulares\/#breadcrumb","itemListElement":[{"@type":"ListItem","position":1,"name":"Inicio","item":"https:\/\/www.lamiempaques.com\/"},{"@type":"ListItem","position":2,"name":"Products","item":"https:\/\/www.lamiempaques.com\/shop\/"},{"@type":"ListItem","position":3,"name":"Domos Rectangulares"}]},{"@type":"WebSite","@id":"https:\/\/www.lamiempaques.com\/#website","url":"https:\/\/www.lamiempaques.com\/","name":"Lamiempaques","description":"","publisher":{"@id":"https:\/\/www.lamiempaques.com\/#organization"},"potentialAction":[{"@type":"SearchAction","target":{"@type":"EntryPoint","urlTemplate":"https:\/\/www.lamiempaques.com\/?s={search_term_string}"},"query-input":{"@type":"PropertyValueSpecification","valueRequired":true,"valueName":"search_term_string"}}],"inLanguage":"en-US"},{"@type":"Organization","@id":"https:\/\/www.lamiempaques.com\/#organization","name":"Lamiempaques","url":"https:\/\/www.lamiempaques.com\/","logo":{"@type":"ImageObject","inLanguage":"en-US","@id":"https:\/\/www.lamiempaques.com\/#\/schema\/logo\/image\/","url":"https:\/\/www.lamiempaques.com\/wp-content\/uploads\/2025\/04\/lamiempaques.svg","contentUrl":"https:\/\/www.lamiempaques.com\/wp-content\/uploads\/2025\/04\/lamiempaques.svg","width":328,"height":62,"caption":"Lamiempaques"},"image":{"@id":"https:\/\/www.lamiempaques.com\/#\/schema\/logo\/image\/"}}]}},"_links":{"self":[{"href":"https:\/\/www.lamiempaques.com\/en\/wp-json\/wp\/v2\/product\/2541","targetHints":{"allow":["GET"]}}],"collection":[{"href":"https:\/\/www.lamiempaques.com\/en\/wp-json\/wp\/v2\/product"}],"about":[{"href":"https:\/\/www.lamiempaques.com\/en\/wp-json\/wp\/v2\/types\/product"}],"wp:featuredmedia":[{"embeddable":true,"href":"https:\/\/www.lamiempaques.com\/en\/wp-json\/wp\/v2\/media\/5533"}],"wp:attachment":[{"href":"https:\/\/www.lamiempaques.com\/en\/wp-json\/wp\/v2\/media?parent=2541"}],"wp:term":[{"taxonomy":"product_brand","embeddable":true,"href":"https:\/\/www.lamiempaques.com\/en\/wp-json\/wp\/v2\/product_brand?post=2541"},{"taxonomy":"product_cat","embeddable":true,"href":"https:\/\/www.lamiempaques.com\/en\/wp-json\/wp\/v2\/product_cat?post=2541"},{"taxonomy":"product_tag","embeddable":true,"href":"https:\/\/www.lamiempaques.com\/en\/wp-json\/wp\/v2\/product_tag?post=2541"},{"taxonomy":"forma-del-producto","embeddable":true,"href":"https:\/\/www.lamiempaques.com\/en\/wp-json\/wp\/v2\/forma-del-producto?post=2541"},{"taxonomy":"familia","embeddable":true,"href":"https:\/\/www.lamiempaques.com\/en\/wp-json\/wp\/v2\/familia?post=2541"},{"taxonomy":"color","embeddable":true,"href":"https:\/\/www.lamiempaques.com\/en\/wp-json\/wp\/v2\/color?post=2541"},{"taxonomy":"funcionalidad-del-producto","embeddable":true,"href":"https:\/\/www.lamiempaques.com\/en\/wp-json\/wp\/v2\/funcionalidad-del-producto?post=2541"},{"taxonomy":"usos-del-empaque","embeddable":true,"href":"https:\/\/www.lamiempaques.com\/en\/wp-json\/wp\/v2\/usos-del-empaque?post=2541"},{"taxonomy":"sector","embeddable":true,"href":"https:\/\/www.lamiempaques.com\/en\/wp-json\/wp\/v2\/sector?post=2541"}],"curies":[{"name":"wp","href":"https:\/\/api.w.org\/{rel}","templated":true}]}}