{"id":2530,"date":"2025-06-04T08:15:50","date_gmt":"2025-06-04T08:15:50","guid":{"rendered":"https:\/\/www.lamiempaques.com\/product\/domos-prisma\/"},"modified":"2026-03-04T14:36:01","modified_gmt":"2026-03-04T14:36:01","slug":"domos-prisma","status":"publish","type":"product","link":"https:\/\/www.lamiempaques.com\/en\/product\/domos-prisma\/","title":{"rendered":"Prisma Domes"},"content":{"rendered":"<p>Packing in <span style=\"background: linear-gradient(90deg, #32B01E 0%, #2864C4 44.34%) !important; -webkit-background-clip: text !important; background-clip: text !important; color: transparent !important; display: inline !important;\">Recycled PET 100% (RPET)<\/span>ideal for confectionery and bakery. Its high visibility and resistant design improves the presentation of cakes, protecting them and preserving their freshness.<\/p>\n<p>Its easy-open tab design combines sustainability and innovation, creating secure and attractive point-of-sale displays.<\/p>\n<p>It easily adapts to different sizes and heights, providing versatility and practicality in every use.<\/p>","protected":false},"excerpt":{"rendered":"<p>Designs with high visibility and adaptability to any size,<\/p>","protected":false},"featured_media":5534,"template":"","meta":{"_monsterinsights_skip_tracking":false,"_monsterinsights_sitenote_active":false,"_monsterinsights_sitenote_note":"","_monsterinsights_sitenote_category":0,"_uf_show_specific_survey":0,"_uf_disable_surveys":false},"product_brand":[],"product_cat":[54],"product_tag":[95],"forma-del-producto":[207],"familia":[200],"color":[188,187],"funcionalidad-del-producto":[78],"usos-del-empaque":[66],"sector":[58],"class_list":{"0":"post-2530","1":"product","2":"type-product","3":"status-publish","4":"has-post-thumbnail","6":"product_cat-alimentos","7":"product_tag-destacado","8":"pa_altura-cm-h10","9":"pa_altura-cm-h12","10":"pa_altura-cm-h6","11":"pa_altura-cm-h8","12":"forma-del-producto-hexagonal","13":"familia-domos-prisma","14":"color-base-negra","15":"color-domo-transparente","16":"funcionalidad-del-producto-base-y-tapa","17":"usos-del-empaque-tortas-galletas-postres-y-snacks","18":"sector-reposteria-panaderia-y-galleteria","20":"first","21":"instock","22":"purchasable","23":"product-type-variable","24":"has-default-attributes","25":"wvs-archive-product-wrapper"},"yoast_head":"<!-- This site is optimized with the Yoast SEO plugin v27.2 - https:\/\/yoast.com\/product\/yoast-seo-wordpress\/ -->\n<title>Empaques Para Reposter\u00eda y Panader\u00eda | Domos Prisma<\/title>\n<meta name=\"description\" content=\"Fabricantes y proveedores de empaques para panader\u00eda y reposter\u00eda. Domos prisma para tortas y postres en PET 100% reciclado (RPET), con certificado Invima\" \/>\n<meta name=\"robots\" content=\"index, follow, max-snippet:-1, max-image-preview:large, max-video-preview:-1\" \/>\n<link rel=\"canonical\" href=\"https:\/\/www.lamiempaques.com\/en\/product\/domos-prisma\/\" \/>\n<meta property=\"og:locale\" content=\"en_US\" \/>\n<meta property=\"og:type\" content=\"article\" \/>\n<meta property=\"og:title\" content=\"Empaques Para Reposter\u00eda y Panader\u00eda | Domos Prisma\" \/>\n<meta property=\"og:description\" content=\"Fabricantes y proveedores de empaques para panader\u00eda y reposter\u00eda. Domos prisma para tortas y postres en PET 100% reciclado (RPET), con certificado Invima\" \/>\n<meta property=\"og:url\" content=\"https:\/\/www.lamiempaques.com\/en\/product\/domos-prisma\/\" \/>\n<meta property=\"og:site_name\" content=\"Lamiempaques\" \/>\n<meta property=\"article:modified_time\" content=\"2026-03-04T14:36:01+00:00\" \/>\n<meta property=\"og:image\" content=\"https:\/\/www.lamiempaques.com\/wp-content\/uploads\/2025\/06\/portada-domo-prisma.webp\" \/>\n\t<meta property=\"og:image:width\" content=\"800\" \/>\n\t<meta property=\"og:image:height\" content=\"533\" \/>\n\t<meta property=\"og:image:type\" content=\"image\/webp\" \/>\n<meta name=\"twitter:card\" content=\"summary_large_image\" \/>\n<meta name=\"twitter:label1\" content=\"Est. reading time\" \/>\n\t<meta name=\"twitter:data1\" content=\"1 minute\" \/>\n<script type=\"application\/ld+json\" class=\"yoast-schema-graph\">{\"@context\":\"https:\/\/schema.org\",\"@graph\":[{\"@type\":\"WebPage\",\"@id\":\"https:\/\/www.lamiempaques.com\/producto\/domos-prisma\/\",\"url\":\"https:\/\/www.lamiempaques.com\/producto\/domos-prisma\/\",\"name\":\"Empaques Para Reposter\u00eda y Panader\u00eda | Domos Prisma\",\"isPartOf\":{\"@id\":\"https:\/\/www.lamiempaques.com\/#website\"},\"primaryImageOfPage\":{\"@id\":\"https:\/\/www.lamiempaques.com\/producto\/domos-prisma\/#primaryimage\"},\"image\":{\"@id\":\"https:\/\/www.lamiempaques.com\/producto\/domos-prisma\/#primaryimage\"},\"thumbnailUrl\":\"https:\/\/www.lamiempaques.com\/wp-content\/uploads\/2025\/06\/portada-domo-prisma.webp\",\"datePublished\":\"2025-06-04T08:15:50+00:00\",\"dateModified\":\"2026-03-04T14:36:01+00:00\",\"description\":\"Fabricantes y proveedores de empaques para panader\u00eda y reposter\u00eda. Domos prisma para tortas y postres en PET 100% reciclado (RPET), con certificado Invima\",\"breadcrumb\":{\"@id\":\"https:\/\/www.lamiempaques.com\/producto\/domos-prisma\/#breadcrumb\"},\"inLanguage\":\"en-US\",\"potentialAction\":[{\"@type\":\"ReadAction\",\"target\":[\"https:\/\/www.lamiempaques.com\/producto\/domos-prisma\/\"]}]},{\"@type\":\"ImageObject\",\"inLanguage\":\"en-US\",\"@id\":\"https:\/\/www.lamiempaques.com\/producto\/domos-prisma\/#primaryimage\",\"url\":\"https:\/\/www.lamiempaques.com\/wp-content\/uploads\/2025\/06\/portada-domo-prisma.webp\",\"contentUrl\":\"https:\/\/www.lamiempaques.com\/wp-content\/uploads\/2025\/06\/portada-domo-prisma.webp\",\"width\":800,\"height\":533},{\"@type\":\"BreadcrumbList\",\"@id\":\"https:\/\/www.lamiempaques.com\/producto\/domos-prisma\/#breadcrumb\",\"itemListElement\":[{\"@type\":\"ListItem\",\"position\":1,\"name\":\"Inicio\",\"item\":\"https:\/\/www.lamiempaques.com\/\"},{\"@type\":\"ListItem\",\"position\":2,\"name\":\"Products\",\"item\":\"https:\/\/www.lamiempaques.com\/shop\/\"},{\"@type\":\"ListItem\",\"position\":3,\"name\":\"Domos Prisma\"}]},{\"@type\":\"WebSite\",\"@id\":\"https:\/\/www.lamiempaques.com\/#website\",\"url\":\"https:\/\/www.lamiempaques.com\/\",\"name\":\"Lamiempaques\",\"description\":\"\",\"publisher\":{\"@id\":\"https:\/\/www.lamiempaques.com\/#organization\"},\"potentialAction\":[{\"@type\":\"SearchAction\",\"target\":{\"@type\":\"EntryPoint\",\"urlTemplate\":\"https:\/\/www.lamiempaques.com\/?s={search_term_string}\"},\"query-input\":{\"@type\":\"PropertyValueSpecification\",\"valueRequired\":true,\"valueName\":\"search_term_string\"}}],\"inLanguage\":\"en-US\"},{\"@type\":\"Organization\",\"@id\":\"https:\/\/www.lamiempaques.com\/#organization\",\"name\":\"Lamiempaques\",\"url\":\"https:\/\/www.lamiempaques.com\/\",\"logo\":{\"@type\":\"ImageObject\",\"inLanguage\":\"en-US\",\"@id\":\"https:\/\/www.lamiempaques.com\/#\/schema\/logo\/image\/\",\"url\":\"https:\/\/www.lamiempaques.com\/wp-content\/uploads\/2025\/04\/lamiempaques.svg\",\"contentUrl\":\"https:\/\/www.lamiempaques.com\/wp-content\/uploads\/2025\/04\/lamiempaques.svg\",\"width\":328,\"height\":62,\"caption\":\"Lamiempaques\"},\"image\":{\"@id\":\"https:\/\/www.lamiempaques.com\/#\/schema\/logo\/image\/\"}}]}<\/script>\n<!-- \/ Yoast SEO plugin. -->","yoast_head_json":{"title":"Empaques Para Reposter\u00eda y Panader\u00eda | Domos Prisma","description":"Fabricantes y proveedores de empaques para panader\u00eda y reposter\u00eda. Domos prisma para tortas y postres en PET 100% reciclado (RPET), con certificado Invima","robots":{"index":"index","follow":"follow","max-snippet":"max-snippet:-1","max-image-preview":"max-image-preview:large","max-video-preview":"max-video-preview:-1"},"canonical":"https:\/\/www.lamiempaques.com\/en\/product\/domos-prisma\/","og_locale":"en_US","og_type":"article","og_title":"Empaques Para Reposter\u00eda y Panader\u00eda | Domos Prisma","og_description":"Fabricantes y proveedores de empaques para panader\u00eda y reposter\u00eda. Domos prisma para tortas y postres en PET 100% reciclado (RPET), con certificado Invima","og_url":"https:\/\/www.lamiempaques.com\/en\/product\/domos-prisma\/","og_site_name":"Lamiempaques","article_modified_time":"2026-03-04T14:36:01+00:00","og_image":[{"width":800,"height":533,"url":"https:\/\/www.lamiempaques.com\/wp-content\/uploads\/2025\/06\/portada-domo-prisma.webp","type":"image\/webp"}],"twitter_card":"summary_large_image","twitter_misc":{"Est. reading time":"1 minute"},"schema":{"@context":"https:\/\/schema.org","@graph":[{"@type":"WebPage","@id":"https:\/\/www.lamiempaques.com\/producto\/domos-prisma\/","url":"https:\/\/www.lamiempaques.com\/producto\/domos-prisma\/","name":"Empaques Para Reposter\u00eda y Panader\u00eda | Domos Prisma","isPartOf":{"@id":"https:\/\/www.lamiempaques.com\/#website"},"primaryImageOfPage":{"@id":"https:\/\/www.lamiempaques.com\/producto\/domos-prisma\/#primaryimage"},"image":{"@id":"https:\/\/www.lamiempaques.com\/producto\/domos-prisma\/#primaryimage"},"thumbnailUrl":"https:\/\/www.lamiempaques.com\/wp-content\/uploads\/2025\/06\/portada-domo-prisma.webp","datePublished":"2025-06-04T08:15:50+00:00","dateModified":"2026-03-04T14:36:01+00:00","description":"Fabricantes y proveedores de empaques para panader\u00eda y reposter\u00eda. Domos prisma para tortas y postres en PET 100% reciclado (RPET), con certificado Invima","breadcrumb":{"@id":"https:\/\/www.lamiempaques.com\/producto\/domos-prisma\/#breadcrumb"},"inLanguage":"en-US","potentialAction":[{"@type":"ReadAction","target":["https:\/\/www.lamiempaques.com\/producto\/domos-prisma\/"]}]},{"@type":"ImageObject","inLanguage":"en-US","@id":"https:\/\/www.lamiempaques.com\/producto\/domos-prisma\/#primaryimage","url":"https:\/\/www.lamiempaques.com\/wp-content\/uploads\/2025\/06\/portada-domo-prisma.webp","contentUrl":"https:\/\/www.lamiempaques.com\/wp-content\/uploads\/2025\/06\/portada-domo-prisma.webp","width":800,"height":533},{"@type":"BreadcrumbList","@id":"https:\/\/www.lamiempaques.com\/producto\/domos-prisma\/#breadcrumb","itemListElement":[{"@type":"ListItem","position":1,"name":"Inicio","item":"https:\/\/www.lamiempaques.com\/"},{"@type":"ListItem","position":2,"name":"Products","item":"https:\/\/www.lamiempaques.com\/shop\/"},{"@type":"ListItem","position":3,"name":"Domos Prisma"}]},{"@type":"WebSite","@id":"https:\/\/www.lamiempaques.com\/#website","url":"https:\/\/www.lamiempaques.com\/","name":"Lamiempaques","description":"","publisher":{"@id":"https:\/\/www.lamiempaques.com\/#organization"},"potentialAction":[{"@type":"SearchAction","target":{"@type":"EntryPoint","urlTemplate":"https:\/\/www.lamiempaques.com\/?s={search_term_string}"},"query-input":{"@type":"PropertyValueSpecification","valueRequired":true,"valueName":"search_term_string"}}],"inLanguage":"en-US"},{"@type":"Organization","@id":"https:\/\/www.lamiempaques.com\/#organization","name":"Lamiempaques","url":"https:\/\/www.lamiempaques.com\/","logo":{"@type":"ImageObject","inLanguage":"en-US","@id":"https:\/\/www.lamiempaques.com\/#\/schema\/logo\/image\/","url":"https:\/\/www.lamiempaques.com\/wp-content\/uploads\/2025\/04\/lamiempaques.svg","contentUrl":"https:\/\/www.lamiempaques.com\/wp-content\/uploads\/2025\/04\/lamiempaques.svg","width":328,"height":62,"caption":"Lamiempaques"},"image":{"@id":"https:\/\/www.lamiempaques.com\/#\/schema\/logo\/image\/"}}]}},"_links":{"self":[{"href":"https:\/\/www.lamiempaques.com\/en\/wp-json\/wp\/v2\/product\/2530","targetHints":{"allow":["GET"]}}],"collection":[{"href":"https:\/\/www.lamiempaques.com\/en\/wp-json\/wp\/v2\/product"}],"about":[{"href":"https:\/\/www.lamiempaques.com\/en\/wp-json\/wp\/v2\/types\/product"}],"wp:featuredmedia":[{"embeddable":true,"href":"https:\/\/www.lamiempaques.com\/en\/wp-json\/wp\/v2\/media\/5534"}],"wp:attachment":[{"href":"https:\/\/www.lamiempaques.com\/en\/wp-json\/wp\/v2\/media?parent=2530"}],"wp:term":[{"taxonomy":"product_brand","embeddable":true,"href":"https:\/\/www.lamiempaques.com\/en\/wp-json\/wp\/v2\/product_brand?post=2530"},{"taxonomy":"product_cat","embeddable":true,"href":"https:\/\/www.lamiempaques.com\/en\/wp-json\/wp\/v2\/product_cat?post=2530"},{"taxonomy":"product_tag","embeddable":true,"href":"https:\/\/www.lamiempaques.com\/en\/wp-json\/wp\/v2\/product_tag?post=2530"},{"taxonomy":"forma-del-producto","embeddable":true,"href":"https:\/\/www.lamiempaques.com\/en\/wp-json\/wp\/v2\/forma-del-producto?post=2530"},{"taxonomy":"familia","embeddable":true,"href":"https:\/\/www.lamiempaques.com\/en\/wp-json\/wp\/v2\/familia?post=2530"},{"taxonomy":"color","embeddable":true,"href":"https:\/\/www.lamiempaques.com\/en\/wp-json\/wp\/v2\/color?post=2530"},{"taxonomy":"funcionalidad-del-producto","embeddable":true,"href":"https:\/\/www.lamiempaques.com\/en\/wp-json\/wp\/v2\/funcionalidad-del-producto?post=2530"},{"taxonomy":"usos-del-empaque","embeddable":true,"href":"https:\/\/www.lamiempaques.com\/en\/wp-json\/wp\/v2\/usos-del-empaque?post=2530"},{"taxonomy":"sector","embeddable":true,"href":"https:\/\/www.lamiempaques.com\/en\/wp-json\/wp\/v2\/sector?post=2530"}],"curies":[{"name":"wp","href":"https:\/\/api.w.org\/{rel}","templated":true}]}}